{"id":40,"date":"2017-02-22T20:03:43","date_gmt":"2017-02-22T20:03:43","guid":{"rendered":"https:\/\/salon-roppelt.de\/?page_id=40"},"modified":"2020-05-27T11:04:55","modified_gmt":"2020-05-27T10:04:55","slug":"haftung-und-datenschutz","status":"publish","type":"page","link":"https:\/\/salon-roppelt.de\/?page_id=40","title":{"rendered":"Haftung und Datenschutz"},"content":{"rendered":"\t\t<div data-elementor-type=\"wp-page\" data-elementor-id=\"40\" class=\"elementor elementor-40\">\n\t\t\t\t\t\t<div class=\"elementor-inner\">\n\t\t\t\t<div class=\"elementor-section-wrap\">\n\t\t\t\t\t\t\t\t\t<section class=\"elementor-section elementor-top-section elementor-element elementor-element-757da4c5 elementor-section-stretched elementor-section-boxed elementor-section-height-default elementor-section-height-default\" data-id=\"757da4c5\" data-element_type=\"section\" data-settings=\"{&quot;stretch_section&quot;:&quot;section-stretched&quot;}\">\n\t\t\t\t\t\t<div class=\"elementor-container elementor-column-gap-default\">\n\t\t\t\t\t\t\t<div class=\"elementor-row\">\n\t\t\t\t\t<div class=\"elementor-column elementor-col-100 elementor-top-column elementor-element elementor-element-50aca252\" data-id=\"50aca252\" data-element_type=\"column\">\n\t\t\t<div class=\"elementor-column-wrap elementor-element-populated\">\n\t\t\t\t\t\t\t<div class=\"elementor-widget-wrap\">\n\t\t\t\t\t\t<div class=\"elementor-element elementor-element-65e97492 elementor-widget elementor-widget-text-editor\" data-id=\"65e97492\" data-element_type=\"widget\" data-widget_type=\"text-editor.default\">\n\t\t\t\t<div class=\"elementor-widget-container\">\n\t\t\t\t\t\t\t\t<div class=\"elementor-text-editor elementor-clearfix\">\n\t\t\t\t<p><strong>Haftung Inhalte<\/strong><br>Die Inhalte unserer Seiten wurden mit Sorgfalt erstellt. F\u00fcr die Richtigkeit, Vollst\u00e4ndigkeit und Aktualit\u00e4t der Inhalte k\u00f6nnen wir jedoch keine Gew\u00e4hr \u00fcbernehmen.<br>Als Dienstanbieter sind wir gem\u00e4\u00df \u00a7 7 Abs.1 TMG f\u00fcr eigene Inhalte auf diesen Seiten nach den allgemeinen Gesetzen verantwortlich. Nach \u00a7\u00a7 8 bis 10 TMG sind wir als Dienstanbieter jedoch nicht verpflichtet, \u00fcbermittelte oder gespeicherte fremde Informationen zu \u00fcberwachen oder nach Umst\u00e4nden zu forschen, die auf eine rechtswidrige T\u00e4tigkeit hinweisen. Verpflichtungen zur Entfernung oder Sperrung der Nutzung von Informationen nach den allgemeinen Gesetzen bleiben hiervon unber\u00fchrt. Eine diesbez\u00fcgliche Haftung ist jedoch erst ab dem Zeitpunkt der Kenntnis einer konkreten Rechtsverletzung m\u00f6glich. Bei bekannt werden von entsprechenden Rechtsverletzungen werden wir diese Inhalte umgehend entfernen.<\/p>\n<p>\n<strong>Haftung f\u00fcr Links<\/strong><br>Unser Angebot enth\u00e4lt Links zu externen Webseiten Dritter, auf deren Inhalte wir keinen Einfluss haben. Deshalb k\u00f6nnen wir f\u00fcr diese fremden Inhalte auch keine Gew\u00e4hr \u00fcbernehmen. F\u00fcr die Inhalte der verlinkten Seiten ist stets der jeweilige Anbieter oder Betreiber der Seiten verantwortlich. Die verlinkten Seiten wurden zum Zeitpunkt der Verlinkung auf m\u00f6gliche Rechtsverst\u00f6\u00dfe \u00fcberpr\u00fcft. Rechtswidrige Inhalte waren zum Zeitpunkt der Verlinkung nicht erkennbar. Eine permanente inhaltliche Kontrolle der verlinkten Seiten ist jedoch ohne konkrete Anhaltspunkte einer Rechtsverletzung nicht zumutbar. Bei bekannt werden von Rechtsverletzungen werden wir derartige Links umgehend entfernen.<\/p>\n<p>\n<strong>Urheberrecht<\/strong><br>Die durch die Seitenbetreiber erstellten Inhalte und Werke auf diesen Seiten unterliegen dem deutschen Urheberrecht. Beitr\u00e4ge Dritter sind als solche gekennzeichnet. Die Vervielf\u00e4ltigung, Bearbeitung, Verbreitung und jede Art der Verwertung au\u00dferhalb der Grenzen des Urheberrechtes bed\u00fcrfen der schriftlichen Zustimmung des jeweiligen Autors bzw. Erstellers. Downloads und Kopien dieser Seite sind nur f\u00fcr den privaten, nicht kommerziellen Gebrauch gestattet.Die Betreiber der Seiten sind bem\u00fcht, stets die Urheberrechte anderer zu beachten bzw. auf selbst erstellte sowie lizenzfreie Werke zur\u00fcckzugreifen.<\/p>\n<p>\n<strong>Datenschutzerkl\u00e4rung<\/strong><br>Wir betrachten es als unsere vorrangige Aufgabe, die Vertraulichkeit der von Ihnen bereitgestellten personenbezogenen Daten zu wahren und diese vor unbefugten Zugriffen zu sch\u00fctzen. Deshalb wenden wir entsprechende Sorgfalt und Sicherheitsstandards an, um einen maximalen Schutz Ihrer personenbezogenen Daten<br>zu gew\u00e4hrleisten. Als privatrechtliches Unternehmen unterliegen wir den Bestimmungen der europ\u00e4ischen Datenschutzgrundverordnung (DSGVO) und den Regelungen des Bundesdatenschutzgesetzes (BDSG). Wir haben technische und organisatorische Ma\u00dfnahmen getroffen, die sicherstellen, dass die Vorschriften \u00fcber den<br>Datenschutz sowohl von uns, als auch von unseren externen Dienstleistern beachtet werden.<\/p>\n<p>\n<strong>Begriffsbestimmungen<\/strong><br>Der Gesetzgeber fordert, dass personenbezogene Daten auf rechtm\u00e4\u00dfige Weise, nach Treu und Glauben und in einer f\u00fcr die betroffene Person nachvollziehbaren Weise verarbeitet werden (\u201eRechtm\u00e4\u00dfigkeit, Verarbeitung nach Treu und Glauben, Transparenz\u201c). Um dies zu gew\u00e4hrleisten, informieren wir Sie \u00fcber die einzelnen gesetzlichen<br>Begriffsbestimmungen, die auch in dieser Datenschutzerkl\u00e4rung verwendet werden:<\/p>\n<p>\n<strong>1. Personenbezogene Daten<\/strong><br>\u201ePersonenbezogene Daten\u201c sind alle Informationen, die sich auf eine identifizierte oder identifizierbare nat\u00fcrliche Person (im Folgenden \u201ebetroffene Person\u201c) beziehen; als identifizierbar wird eine nat\u00fcrliche Person angesehen, die direkt oder indirekt, insbesondere mittels Zuordnung zu einer Kennung wie einem Namen, zu einer<br>Kennnummer, zu Standortdaten, zu einer Online-Kennung oder zu einem oder mehreren besonderen Merkmalen identifiziert werden kann, die Ausdruck der physischen, physiologischen, genetischen, psychischen, wirtschaftlichen, kulturellen oder sozialen Identit\u00e4t dieser nat\u00fcrlichen Person sind.<\/p>\n<p>\n<strong>2. Verarbeitung \u2013 Einschr\u00e4nkung der Verarbeitung<\/strong><br>1)\u201eVerarbeitung\u201c ist jeder, mit oder ohne Hilfe automatisierter Verfahren, ausgef\u00fchrter Vorgang oder jede solche Vorgangsreihe im Zusammenhang mit personenbezogenen Daten wie das Erheben, das Erfassen, die Organisation, das Ordnen, die Speicherung, die Anpassung oder Ver\u00e4nderung, das Auslesen, das Abfragen, die Verwendung, die Offenlegung durch \u00dcbermittlung, Verbreitung oder eine andere Form der Bereitstellung, den Abgleich oder die Verkn\u00fcpfung, die Einschr\u00e4nkung, das L\u00f6schen oder die Vernichtung. 2)\u201eEinschr\u00e4nkung der Verarbeitung\u201c ist die Markierung gespeicherter personenbezogener Daten mit dem Ziel, ihre k\u00fcnftige Verarbeitung einzuschr\u00e4nken.<\/p>\n<p>\n<strong>3. Profiling und Pseudonymisierung<\/strong><br>1)\u201eProfiling\u201c ist jede Art der automatisierten Verarbeitung personenbezogener Daten, die darin besteht, dass diese personenbezogenen Daten verwendet werden, um bestimmte pers\u00f6nliche Aspekte, die sich auf eine nat\u00fcrliche Person beziehen, zu bewerten, insbesondere um Aspekte bez\u00fcglich Arbeitsleistung, wirtschaftliche Lage,<br>Gesundheit, pers\u00f6nliche Vorlieben, Interessen, Zuverl\u00e4ssigkeit, Verhalten, Aufenthaltsort oder Ortswechsel dieser nat\u00fcrlichen Person zu analysieren oder vorherzusagen.<br>2)\u201ePseudonymisierung\u201c ist die Verarbeitung personenbezogener Daten in einer Weise, dass die personenbezogenen Daten ohne Hinzuziehung zus\u00e4tzlicher Informationen nicht mehr einer spezifischen betroffenen Person zugeordnet werden k\u00f6nnen, sofern diese zus\u00e4tzlichen Informationen gesondert aufbewahrt<br>werden und technischen und organisatorischen Ma\u00dfnahmen unterliegen, die gew\u00e4hrleisten, dass die personenbezogenen Daten nicht einer identifizierten oder identifizierbaren nat\u00fcrlichen Person zugewiesen werden k\u00f6nnen.<\/p>\n<p>\n<strong>4. Dateisystem<\/strong><br>\u201eDateisystem\u201c ist jede strukturierte Sammlung personenbezogener Daten, die nach bestimmten Kriterien zug\u00e4nglich sind, unabh\u00e4ngig davon, ob diese Sammlung zentral, dezentral oder nach funktionalen oder geografischen Gesichtspunkten geordnet gef\u00fchrt wird.<\/p>\n<p>\n<strong>5. Verantwortlicher und Auftragsverarbeiter<\/strong><br>1) \u201eVerantwortlicher\u201c ist eine nat\u00fcrliche oder juristische Person, Beh\u00f6rde, Einrichtung oder andere Stelle, die allein oder gemeinsam mit anderen \u00fcber die Zwecke und Mittel der Verarbeitung von personenbezogenen Daten entscheidet; sind die Zwecke und Mittel dieser Verarbeitung durch das Unionsrecht oder das Recht der<br>Mitgliedstaaten vorgegeben, so k\u00f6nnen der Verantwortliche beziehungsweise die bestimmten Kriterien seiner Benennung nach dem Unionsrecht oder dem Recht der Mitgliedstaaten vorgesehen werden. 2) \u201eAuftragsverarbeiter\u201c ist eine nat\u00fcrliche oder juristische Person, Beh\u00f6rde, Einrichtung oder andere Stelle, die personenbezogene Daten im Auftrag des Verantwortlichen verarbeitet.<\/p>\n<p>\n<strong>6. Empf\u00e4nger und Dritter<\/strong><br>1)\u201eEmpf\u00e4nger\u201c ist eine nat\u00fcrliche oder juristische Person, Beh\u00f6rde, Einrichtung oder andere Stelle, denen personenbezogene Daten offengelegt werden, unabh\u00e4ngig davon, ob es sich bei ihr um einen Dritten handelt oder nicht. Beh\u00f6rden, die im Rahmen eines bestimmten Untersuchungsauftrags nach dem Unionsrecht oder dem Recht<br>der Mitgliedstaaten m\u00f6glicherweise personenbezogene Daten erhalten, gelten jedoch nicht als Empf\u00e4nger; die Verarbeitung dieser Daten durch die genannten Beh\u00f6rden erfolgt im Einklang mit den geltenden Datenschutzvorschriften gem\u00e4\u00df den Zwecken der Verarbeitung. 2)\u201eDritter\u201c ist eine nat\u00fcrliche oder juristische Person, Beh\u00f6rde, Einrichtung oder andere Stelle, au\u00dfer der betroffenen Person, dem Verantwortlichen, dem Auftragsverarbeiter und den Personen, die unter der unmittelbaren Verantwortung des Verantwortlichen oder des Auftragsverarbeiters befugt sind, die personenbezogenen Daten zu verarbeiten.<\/p>\n<p>\n<strong>7. Einwilligung<\/strong><br>Eine \u201eEinwilligung\u201c der betroffenen Person ist jede freiwillig f\u00fcr den bestimmten Fall, in informierter Weise und unmissverst\u00e4ndlich abgegebene Willensbekundung in Form einer Erkl\u00e4rung oder einer sonstigen eindeutigen best\u00e4tigenden Handlung, mit der die betroffene Person zu verstehen gibt, dass sie mit der Verarbeitung der sie<br>betreffenden personenbezogenen Daten einverstanden ist.<\/p>\n<p>\n<strong>8. Rechtm\u00e4\u00dfigkeit der Verarbeitung<\/strong><br>Die Verarbeitung personenbezogener Daten ist nur rechtm\u00e4\u00dfig, wenn f\u00fcr die Verarbeitung eine Rechtsgrundlage besteht. Rechtsgrundlage f\u00fcr die Verarbeitung k\u00f6nnen gem\u00e4\u00df Artikel 6 Abs.1 lit. a \u2013 f DSGVO insbesondere sein: Die betroffene Person hat ihre Einwilligung zu der Verarbeitung der sie betreffenden personenbezogenen Daten f\u00fcr einen oder mehrere bestimmte Zwecke gegeben; 1)die Verarbeitung ist f\u00fcr die Erf\u00fcllung eines Vertrags, dessen Vertragspartei die betroffene Person ist, oder zur Durchf\u00fchrung vorvertraglicher Ma\u00dfnahmen erforderlich, die auf Anfrage der betroffenen Person erfolgen; 2)die Verarbeitung ist zur Erf\u00fcllung einer rechtlichen Verpflichtung erforderlich, der der Verantwortliche unterliegt; 3)die Verarbeitung ist erforderlich, um lebenswichtige Interessen der betroffenen Person oder einer anderen<br>nat\u00fcrlichen Person zu sch\u00fctzen; 4)die Verarbeitung ist f\u00fcr die Wahrnehmung einer Aufgabe erforderlich, die im \u00f6ffentlichen Interesse liegt oder in Aus\u00fcbung \u00f6ffentlicher Gewalt erfolgt, die dem Verantwortlichen \u00fcbertragen wurde; 5)die Verarbeitung ist zur Wahrung der berechtigten Interessen des Verantwortlichen oder eines Dritten<br>erforderlich, sofern nicht die Interessen oder Grundrechte und Grundfreiheiten der betroffenen Person, die den Schutz personenbezogener Daten erfordern, \u00fcberwiegen, insbesondere dann, wenn es sich bei der betroffenen Person um ein Kind handelt.<\/p>\n<p>\n<strong>9. Cookies und Zugriffsdaten<\/strong><br>Bei einem Cookie handelt es sich um eine Textdatei, die beim Besuch einer Website oder beim Abruf eines Dienstes (wie z.B. eines Plugins) auf Ihrer Festplatte f\u00fcr eine bestimmte Dauer gespeichert wird. Besuchen Sie diese Webseite erneut, teilt das Cookie dem Server mit, dass mit diesem PC bereits eine Verbindung bestanden hat,<br>sowie weitere im Cookie gespeicherte Daten (wie z.B. eine eindeutige Cookie-ID). Der Server kann die hierdurch erhaltenen Informationen auf verschiedene Arten verwerten. Durch Cookies k\u00f6nnen beispielsweise Werbeeinblendungen gesteuert oder die Navigation auf einer Internetseite verbessert werden. Wir verwenden auf<br>unseren Webseiten Cookies, um die Darstellung zu optimieren und bestimmte Dienste &#8211; auch von Dritten, siehe dazu unter 5. &#8211; anbieten zu k\u00f6nnen. Sie k\u00f6nnen die Verwendung von Cookies durch Ihre Browsereinstellungen einschr\u00e4nken oder unterbinden. Bitte beachten Sie, dass Teile der Funktionalit\u00e4t der Webpage dann nicht mehr oder nur noch eingeschr\u00e4nkt zur Verf\u00fcgung stehen. Durch die Nutzung unserer Webseiten erkl\u00e4ren Sie sich mit der Erhebung, Verarbeitung und Nutzung Ihrer Daten \u2013 auch durch die angegebenen Dritt-Anbieter \u2013 in der jeweils beschriebenen Art und Weise und zu dem benannten Zweck einverstanden. Sie k\u00f6nnen Cookies von einigen US- Unternehmen \u00fcber die US-amerikanische Seite http:\/\/www.aboutads.info\/choices\/ oder die EU-Seite http:\/\/www.youronlinechoices.com\/uk\/your-ad-choices\/ verwalten. <br><\/p>\n<p><strong>10. Auskunfts- und Berichtigungsrecht, Daten Portabilit\u00e4t, Recht auf<\/strong> L\u00f6schung\/Sperrung sowie Einschr\u00e4nkung der Verarbeitung, Widerspruchsrecht Sie&nbsp; haben jederzeit das Recht auf unentgeltliche Auskunft \u00fcber Ihre gespeicherten Daten. Sollten Ihre Angaben (nicht) mehr zutreffen, haben Sie ein Recht auf Berichtigung, sofern sie unvollst\u00e4ndig sind, auf Vervollst\u00e4ndigung Ihrer Daten. Sofern wir Ihre Daten an Dritte weitergegeben haben, informieren wir diese, mindestens im Rahmen<br>des gesetzlich Vorgeschriebenen. Au\u00dferdem k\u00f6nnen Sie die L\u00f6schung ihrer Daten verlangen (sofern gesetzliche Bestimmungen dem nicht entgegenstehen, in diesen F\u00e4llen wird eine Sperrung der Daten vorgenommen). Sie haben weiterhin das Recht, von uns die Einschr\u00e4nkung der Verarbeitung Ihrer personenbezogenen Daten zu<br>verlangen, wenn&#8230; 2Sie die Richtigkeit der Daten bestreiten und wir demzufolge die Richtigkeit \u00fcberpr\u00fcfen, die Verarbeitung unrechtm\u00e4\u00dfig ist, Sie die L\u00f6schung ablehnen und stattdessen die Einschr\u00e4nkung der Nutzung verlangen wir die Daten nicht l\u00e4nger ben\u00f6tigen, Sie diese jedoch zur Geltendmachung, Aus\u00fcbung oder Verteidigung von<br>Rechtsanspr\u00fcchen ben\u00f6tigen Sie Widerspruch gegen die Verarbeitung Ihrer Daten eingelegt haben, und noch nicht feststeht, ob unsere berechtigten Gr\u00fcnde gegen\u00fcber Ihren Gr\u00fcnden \u00fcberwiegen.<\/p>\n<p>\n<strong>Information \u00fcber die Erhebung personenbezogener Daten<\/strong><br>(1) Im Folgenden informieren wir \u00fcber die Erhebung personenbezogener Daten bei Nutzung unserer Website. Personenbezogene Daten sind z. B. Name, Adresse, E-Mail-Adressen, Nutzerverhalten. (2) Bei einer Kontaktaufnahme mit uns per E-Mail oder \u00fcber ein Kontaktformular werden die von Ihnen mitgeteilten Daten (Ihre E-Mail-Adresse, ggf. Ihr Name und Ihre Telefonnummer) von uns gespeichert, um Ihre Fragen zu beantworten. Die in diesem Zusammenhang anfallenden Daten l\u00f6schen wir, nachdem die Speicherung nicht mehr erforderlich ist, oder die Verarbeitung wird eingeschr\u00e4nkt, falls gesetzliche Aufbewahrungspflichten bestehen.<\/p>\n<p>\n<strong>Erhebung personenbezogener Daten bei Besuch unserer Website<\/strong><br>Bei der blo\u00df informatorischen Nutzung der Website, also wenn Sie sich nicht registrieren oder uns anderweitig Informationen \u00fcbermitteln, erheben wir nur die personenbezogenen Daten, die Ihr Browser an unseren Server \u00fcbermittelt. Wenn Sie unsere Website betrachten m\u00f6chten, erheben wir die folgenden Daten, die f\u00fcr uns technisch erforderlich sind, um Ihnen unsere Website anzuzeigen und die Stabilit\u00e4t und Sicherheit zu gew\u00e4hrleisten (Rechtsgrundlage ist Art. 6 Abs. 1 S. 1 lit. f DSGVO)<br>\u201eAuf unserer Internetseite ist ein Kontaktformular eingebunden. Durch Eingabe der Daten in das Kontaktformular k\u00f6nnen Sie Ihren Namen und Ihre E-Mailadresse an uns \u00fcbermitteln. Wir speichern diese Daten. Im Zeitpunkt der Absendung des Kontaktformulars wird dar\u00fcber hinaus noch Ihre IP-Adresse sowie Datum und Uhrzeit der<br>Absendung Ihrer Kontaktanfrage gespeichert. Im Rahmen des Absendevorgangs des Kontaktformulars holen wir Ihre Einwilligung zur Datenverarbeitung mit Hinweis auf unsere Datenschutzerkl\u00e4rung ein.\u201c Daten\u00fcbermittlung an Drittstaaten: Die \u00dcbermittlung von personenbezogenen Daten an Drittstaaten (au\u00dferhalb der EU) ist nur unter Beachtung der besonderen Regelungen der Art. 44 ff. DS-GVO erlaubt, also nur dann, wenn es Regelungen gibt, die dies ausdr\u00fccklich erlauben, wie z. B.&nbsp; Angemessenheitsbeschluss der EU-Kommission, Standardvertragsklauseln, EUUS-Privacy Shield, BC R, Einwilligung.<\/p>\n<p>\n<strong>Verwendung von Piwik<\/strong><br>Diese Webseite nutzt Piwik, eine Open-Source-Software, die Daten sammelt und speichert. Diese Informationen dienen Marketing- und Optimierungszwecken. Piwik erstellt dazu aus den Daten Nutzungsprofile mit einem Pseudonym. F\u00fcr diese Zwecke speichert die Software auf Ihrem Computer Cookies (Textdateien), anhand derer die Nutzung der Webseite durch Sie analysiert werden kann. Ihre IP-Adresse wird dabei sofort nach der Verarbeitung und vor der Speicherung anonymisiert. Die Daten werden auf den Servern des Anbieters in Deutschland hinterlegt. Wenn Sie nicht m\u00f6chten, dass Piwik Cookies speichert, haben Sie die M\u00f6glichkeit, \u00fcber die Einstellungen Ihres Browser die Installation von Cookies zu unterbinden (Informationen dazu finden Sie in der Hilfefunktion des Browsers). In diesem Fall k\u00f6nnen Sie m\u00f6glicherweise nicht alle Funktionen des Angebots nutzen.<\/p>\n<p>\n<strong>\u00c4nderung unserer Datenschutzerkl\u00e4rung<\/strong><br>Um zu gew\u00e4hrleisten, dass unsere Datenschutzerkl\u00e4rung stets den aktuellen gesetzlichen Vorgaben entspricht, behalten wir uns jederzeit \u00c4nderungen vor. Das gilt auch f\u00fcr den Fall, dass die Datenschutzerkl\u00e4rung aufgrund neuer oder \u00fcberarbeiteter Leistungen, zum Beispiel neuer Serviceleistungen, angepasst werden muss. Die neue<br>Datenschutzerkl\u00e4rung greift dann bei Ihrem n\u00e4chsten Besuch auf unserem Angebot.<\/p>\n<p>\n<strong>Kontakt betrieblicher Datenschutzbeauftragter<\/strong><br>Salon Roppelt<br>Inhaber: Eveline Richter<br>J\u00fcrgen Richter<br>Burgerhofstra\u00dfe 7 <br>D-91301 Forchheim<br>Telefon: +49 9191-34994 oder 80749<br>Mail: <a href=\"mailto:info@salon-roppelt.de\" target=\"_blank\" rel=\"noopener noreferrer\" data-auth=\"NotApplicable\">info@salon-roppelt.de<\/a><\/p>\t\t\t\t\t<\/div>\n\t\t\t\t\t\t<\/div>\n\t\t\t\t<\/div>\n\t\t\t\t\t\t<\/div>\n\t\t\t\t\t<\/div>\n\t\t<\/div>\n\t\t\t\t\t\t\t\t<\/div>\n\t\t\t\t\t<\/div>\n\t\t<\/section>\n\t\t\t\t\t\t\t\t\t<\/div>\n\t\t\t<\/div>\n\t\t\t\t\t<\/div>\n\t\t","protected":false},"excerpt":{"rendered":"<p>Haftung InhalteDie Inhalte unserer Seiten wurden mit Sorgfalt erstellt. F\u00fcr die Richtigkeit, Vollst\u00e4ndigkeit und Aktualit\u00e4t der Inhalte k\u00f6nnen wir jedoch keine Gew\u00e4hr \u00fcbernehmen.Als Dienstanbieter sind wir gem\u00e4\u00df \u00a7 7 Abs.1 TMG f\u00fcr eigene Inhalte auf diesen Seiten nach den allgemeinen Gesetzen verantwortlich. Nach \u00a7\u00a7 8 bis 10 TMG sind wir als Dienstanbieter jedoch nicht verpflichtet, [&hellip;]<\/p>\n","protected":false},"author":1,"featured_media":0,"parent":0,"menu_order":3,"comment_status":"closed","ping_status":"closed","template":"template-full-width.php","meta":[],"_links":{"self":[{"href":"https:\/\/salon-roppelt.de\/index.php?rest_route=\/wp\/v2\/pages\/40"}],"collection":[{"href":"https:\/\/salon-roppelt.de\/index.php?rest_route=\/wp\/v2\/pages"}],"about":[{"href":"https:\/\/salon-roppelt.de\/index.php?rest_route=\/wp\/v2\/types\/page"}],"author":[{"embeddable":true,"href":"https:\/\/salon-roppelt.de\/index.php?rest_route=\/wp\/v2\/users\/1"}],"replies":[{"embeddable":true,"href":"https:\/\/salon-roppelt.de\/index.php?rest_route=%2Fwp%2Fv2%2Fcomments&post=40"}],"version-history":[{"count":12,"href":"https:\/\/salon-roppelt.de\/index.php?rest_route=\/wp\/v2\/pages\/40\/revisions"}],"predecessor-version":[{"id":360,"href":"https:\/\/salon-roppelt.de\/index.php?rest_route=\/wp\/v2\/pages\/40\/revisions\/360"}],"wp:attachment":[{"href":"https:\/\/salon-roppelt.de\/index.php?rest_route=%2Fwp%2Fv2%2Fmedia&parent=40"}],"curies":[{"name":"wp","href":"https:\/\/api.w.org\/{rel}","templated":true}]}}