{"id":32,"date":"2017-02-22T19:57:57","date_gmt":"2017-02-22T19:57:57","guid":{"rendered":"https:\/\/salon-roppelt.de\/?page_id=32"},"modified":"2022-11-15T09:46:02","modified_gmt":"2022-11-15T08:46:02","slug":"impressum","status":"publish","type":"page","link":"https:\/\/salon-roppelt.de\/?page_id=32","title":{"rendered":"Impressum"},"content":{"rendered":"\t\t<div data-elementor-type=\"wp-page\" data-elementor-id=\"32\" class=\"elementor elementor-32\">\n\t\t\t\t\t\t<div class=\"elementor-inner\">\n\t\t\t\t<div class=\"elementor-section-wrap\">\n\t\t\t\t\t\t\t\t\t<section class=\"elementor-section elementor-top-section elementor-element elementor-element-62bd019a elementor-section-stretched elementor-section-boxed elementor-section-height-default elementor-section-height-default\" data-id=\"62bd019a\" data-element_type=\"section\" data-settings=\"{&quot;stretch_section&quot;:&quot;section-stretched&quot;}\">\n\t\t\t\t\t\t<div class=\"elementor-container elementor-column-gap-default\">\n\t\t\t\t\t\t\t<div class=\"elementor-row\">\n\t\t\t\t\t<div class=\"elementor-column elementor-col-100 elementor-top-column elementor-element elementor-element-12b54404\" data-id=\"12b54404\" data-element_type=\"column\">\n\t\t\t<div class=\"elementor-column-wrap elementor-element-populated\">\n\t\t\t\t\t\t\t<div class=\"elementor-widget-wrap\">\n\t\t\t\t\t\t<div class=\"elementor-element elementor-element-229371a2 elementor-widget elementor-widget-text-editor\" data-id=\"229371a2\" data-element_type=\"widget\" data-widget_type=\"text-editor.default\">\n\t\t\t\t<div class=\"elementor-widget-container\">\n\t\t\t\t\t\t\t\t<div class=\"elementor-text-editor elementor-clearfix\">\n\t\t\t\t<p><span style=\"font-family: tahoma, arial, helvetica, sans-serif; font-size: 10pt;\"><strong>Salon Roppelt<br \/><\/strong><\/span><span style=\"font-weight: normal; font-size: 10pt;\"><span style=\"font-family: tahoma, arial, helvetica, sans-serif;\">Inhaberin: Eveline Richter<br \/><\/span><\/span><span style=\"font-weight: normal; font-size: 10pt;\"><span style=\"font-family: tahoma, arial, helvetica, sans-serif;\"> Burgerhofstrasse 7<br \/><\/span><\/span><span style=\"font-weight: normal; font-size: 10pt;\"><span style=\"font-family: tahoma, arial, helvetica, sans-serif;\">91301 Forchheim<\/span><\/span><\/p><h6><span style=\"font-weight: normal; font-size: 10pt;\"><strong>Gesch\u00e4ftszeiten:<\/strong><br \/>Dienstag\u00a0\u00a0\u00a0\u00a0\u00a0\u00a0\u00a0 \u00a0 9 &#8211; 18 Uhr<br \/>Mittwoch\u00a0\u00a0\u00a0\u00a0\u00a0\u00a0\u00a0\u00a0 9 &#8211; 16 Uhr<br \/>Donnerstag\u00a0\u00a0\u00a0 9 &#8211; 18 Uhr<br \/>Freitag\u00a0\u00a0\u00a0\u00a0 \u00a0 \u00a0\u00a0\u00a0 \u00a0 9 &#8211; 18 Uhr<br \/><\/span><span style=\"font-weight: normal; font-size: 10pt;\">Samstag: \u00a0 \u00a0\u00a0 \u00a0\u00a0 8 &#8211; 13 Uhr alle 2 Wochen <br \/><\/span><\/h6><h6><span style=\"font-weight: normal; font-size: 10pt;\"><span style=\"font-family: tahoma, arial, helvetica, sans-serif;\">Tel:\u00a0 +49 9191-80749<\/span><br \/><span style=\"font-family: tahoma, arial, helvetica, sans-serif;\">Fax: +49 9191-34995<\/span><br \/><a href=\"mailto:info@salon-roppelt.de\" target=\"_blank\" rel=\"noopener\">info@salon-roppelt.de<\/a><br \/>www.salon-roppelt.de<\/span><\/h6><h6><span style=\"font-weight: normal; font-size: 10pt;\">Handelsregister AG Bamberg \/ HRA 4546<br \/>Umsatz Steuer-ID: DE 132639943<\/span><\/h6><h6><span style=\"font-weight: normal; font-size: 10pt;\">Alle unter salon-roppelt.de ver\u00f6ffentlichten Texte und Bilder unterliegen dem Urheberrecht von Salon Roppelt, Evelin Richter bzw. der Firmen <a href=\"http:\/\/www.hairdreams.com\">Hairdreams<\/a>, <a href=\"http:\/\/www.redken.de\">Redken<\/a> und <a href=\"http:\/\/www.wella.de\">Wella<\/a>, J\u00fcrgen Richter, Richter Immobilien sowie Dritter und d\u00fcrfen nur mit ausdr\u00fccklicher Erlaubnis kopiert, weitergeleitet oder vervielf\u00e4ltig werden. Eine Haftung f\u00fcr die Ver\u00f6ffentlichungen von unseren Partnern wird nicht \u00fcbernommen. \u00a9 Copyright 2017<\/span><\/h6><p>\u00a0<\/p>\t\t\t\t\t<\/div>\n\t\t\t\t\t\t<\/div>\n\t\t\t\t<\/div>\n\t\t\t\t\t\t<\/div>\n\t\t\t\t\t<\/div>\n\t\t<\/div>\n\t\t\t\t\t\t\t\t<\/div>\n\t\t\t\t\t<\/div>\n\t\t<\/section>\n\t\t\t\t\t\t\t\t\t<\/div>\n\t\t\t<\/div>\n\t\t\t\t\t<\/div>\n\t\t","protected":false},"excerpt":{"rendered":"<p>Salon RoppeltInhaberin: Eveline Richter Burgerhofstrasse 791301 Forchheim Gesch\u00e4ftszeiten:Dienstag\u00a0\u00a0\u00a0\u00a0\u00a0\u00a0\u00a0 \u00a0 9 &#8211; 18 UhrMittwoch\u00a0\u00a0\u00a0\u00a0\u00a0\u00a0\u00a0\u00a0 9 &#8211; 16 UhrDonnerstag\u00a0\u00a0\u00a0 9 &#8211; 18 UhrFreitag\u00a0\u00a0\u00a0\u00a0 \u00a0 \u00a0\u00a0\u00a0 \u00a0 9 &#8211; 18 UhrSamstag: \u00a0 \u00a0\u00a0 \u00a0\u00a0 8 &#8211; 13 Uhr alle 2 Wochen Tel:\u00a0 +49 9191-80749Fax: +49 9191-34995info@salon-roppelt.dewww.salon-roppelt.de Handelsregister AG Bamberg \/ HRA 4546Umsatz Steuer-ID: DE 132639943 Alle unter salon-roppelt.de [&hellip;]<\/p>\n","protected":false},"author":1,"featured_media":0,"parent":0,"menu_order":2,"comment_status":"closed","ping_status":"closed","template":"template-full-width.php","meta":[],"_links":{"self":[{"href":"https:\/\/salon-roppelt.de\/index.php?rest_route=\/wp\/v2\/pages\/32"}],"collection":[{"href":"https:\/\/salon-roppelt.de\/index.php?rest_route=\/wp\/v2\/pages"}],"about":[{"href":"https:\/\/salon-roppelt.de\/index.php?rest_route=\/wp\/v2\/types\/page"}],"author":[{"embeddable":true,"href":"https:\/\/salon-roppelt.de\/index.php?rest_route=\/wp\/v2\/users\/1"}],"replies":[{"embeddable":true,"href":"https:\/\/salon-roppelt.de\/index.php?rest_route=%2Fwp%2Fv2%2Fcomments&post=32"}],"version-history":[{"count":30,"href":"https:\/\/salon-roppelt.de\/index.php?rest_route=\/wp\/v2\/pages\/32\/revisions"}],"predecessor-version":[{"id":393,"href":"https:\/\/salon-roppelt.de\/index.php?rest_route=\/wp\/v2\/pages\/32\/revisions\/393"}],"wp:attachment":[{"href":"https:\/\/salon-roppelt.de\/index.php?rest_route=%2Fwp%2Fv2%2Fmedia&parent=32"}],"curies":[{"name":"wp","href":"https:\/\/api.w.org\/{rel}","templated":true}]}}